{"id":6722,"date":"2020-07-30T14:53:14","date_gmt":"2020-07-30T19:53:14","guid":{"rendered":"https:\/\/ideas360.com.mx\/?page_id=6722"},"modified":"2024-04-17T18:34:16","modified_gmt":"2024-04-17T23:34:16","slug":"aviso-de-privacidad","status":"publish","type":"page","link":"https:\/\/ideas360.com.mx\/index.php\/aviso-de-privacidad\/","title":{"rendered":"Aviso de privacidad"},"content":{"rendered":"<h1><strong>Aviso de privacidad de iDEAS360.<\/strong><\/h1>\n<p><strong>Este Aviso de Privacidad <\/strong><strong>f<\/strong><strong>orma parte del uso del sitio web <\/strong><a href=\"https:\/\/ideas360.com.mx\">https:\/\/ideas360.com.mx<\/a><strong>\u00a0\u00a0\u00a0 <\/strong><\/p>\n<h1><a name=\"_Toc163738231\"><\/a><strong>RESPONSABLE.<\/strong><\/h1>\n<p><strong>360 MOBILE S.A. DE C.V.<\/strong>, con nombre comercial <strong>iDEAS360<\/strong>, con domicilio en <strong>Circuito Cirujanos, Num.4, Piso 1, Col. Cd. Sat\u00e9lite, C.P. 53100, Estado de M\u00e9xico<\/strong>, de conformidad con lo dispuesto en la Ley Federal de Protecci\u00f3n de Datos Personales en Posesi\u00f3n de los Particulares (la \u201cLey) y su Reglamento, es el responsable del uso y protecci\u00f3n de sus datos personales los cuales ser\u00e1n tratados con base en los principios de licitud, consentimiento, informaci\u00f3n, calidad, finalidad, lealtad, proporcionalidad y responsabilidad en t\u00e9rminos de la Ley, y al respecto le informamos lo siguiente:<\/p>\n<h1><a name=\"_Toc163738232\"><\/a><strong>DATOS PERSONALES.<\/strong><\/h1>\n<p>En atenci\u00f3n a la\u00a0<strong>Ley Federal de Protecci\u00f3n de Datos Personales en Posesi\u00f3n de los Particulares\u00a0<\/strong>(en lo sucesivo la \u201cLey\u201d) y su Reglamento, la empresa <strong>360 MOBILE S.A. DE C.V.<\/strong>, como responsable solicita a nuestros posibles candidatos, colaboradores, clientes y proveedores leer cuidadosamente este aviso de privacidad y en su caso solicitar el aviso de privacidad integral para cada caso seg\u00fan le corresponda al correo electr\u00f3nico: <a href=\"mailto:privacidad@ideas360.com.mx\">privacidad@ideas360.com.mx<\/a>\u00a0 para informarle nuestra pol\u00edtica de privacidad, ya que los Datos Personales solicitados ser\u00e1n de acuerdo al tratamiento de cada elemento de la cadena de valor.<\/p>\n<p>Los datos generales recabados son:<\/p>\n<p><strong>\u00a0<\/strong><\/p>\n<p>Nombre completo. Domicilio completo. Nacionalidad. Correo electr\u00f3nico. Ocupaci\u00f3n o Actividad Profesional. Identificaci\u00f3n oficial vigente. Comprobante de domicilio. Tel\u00e9fono local. N\u00famero de celular.<\/p>\n<p>(en lo sucesivo, de manera individual o de manera conjunta los \u201cDatos Personales\u201d).<a name=\"_Toc163738233\"><\/a><\/p>\n<p>El Titular proporcionar\u00e1 voluntariamente sus Datos a <strong>iDEAS360<\/strong>, ya sea por escrito, verbal o electr\u00f3nicamente, mediante encuestas, su ingreso directo al sitio de internet de <strong>iDEAS360<\/strong>: <a href=\"https:\/\/ideas360.com.mx\/\">https:\/\/ideas360.com.mx\/<\/a>\u00a0 o mediante el env\u00edo de archivos electr\u00f3nicos o de cualquier otra naturaleza, incluyendo, entrega directa de informaci\u00f3n, acceso al sitio de internet de <strong>iDEAS360<\/strong>: <a href=\"https:\/\/ideas360.com.mx\/\">https:\/\/ideas360.com.mx\/<\/a> , llamadas telef\u00f3nicas o de telemercadeo, solicitudes por correo electr\u00f3nico, seminarios, congresos o eventos o activaciones.<\/p>\n<p>Los datos recabados en el sitio <a href=\"https:\/\/ideas360.com.mx\/\">https:\/\/ideas360.com.mx\/<\/a> \u00a0son; nombre, apellidos, tel\u00e9fono, correo electr\u00f3nico.<\/p>\n<p>El Titular acepta que la Empresa tambi\u00e9n podr\u00e1 obtener Datos del Titular de otros medios, como informaci\u00f3n que se obtenga de otras fuentes comercialmente disponibles, como por ejemplo directorios telef\u00f3nicos, directorios laborales, tarjetas de presentaci\u00f3n o bases de datos p\u00fablicas.<\/p>\n<p>Sus datos personales ser\u00e1n tratados con base a en los principios de licitud, consentimiento, informaci\u00f3n, calidad, finalidad, lealtad, proporcionalidad y responsabilidad en t\u00e9rminos de la Legislaci\u00f3n.<\/p>\n<p>Datos sensibles. El Titular declara bajo protesta de decir verdad, que no ha proporcionado a <strong>iDEAS360 <\/strong>\u00a0\u201cdatos personales sensibles\u201d, es decir, aquellos datos personales \u00edntimos o cuya utilizaci\u00f3n debida o indebida pueda dar origen a discriminaci\u00f3n o conlleve un riesgo grave para \u00e9ste<\/p>\n<h1><strong>USO DE LA INFORMACI\u00d3N.<\/strong><\/h1>\n<p>Los datos personales que recabamos de usted a trav\u00e9s de medios electr\u00f3nicos, f\u00edsicos o\u00a0\u00a0 por v\u00eda telef\u00f3nica, de manera verbal y\/o escrita, los utilizaremos para los siguientes fines necesarios:<\/p>\n<p>&nbsp;<\/p>\n<ul>\n<li>Para control interno y administrativo.<\/li>\n<li>Para verificar y confirmar su identidad.<\/li>\n<li>Elaboraci\u00f3n de contratos y acuerdos comerciales.<\/li>\n<li>Consultar y actualizar los datos personales.<\/li>\n<\/ul>\n<p><strong>Otras finalidades: <\/strong>De manera adicional, utilizaremos su informaci\u00f3n personal para las siguientes finalidades que no son necesarias para el servicio solicitado, pero que nos permiten y facilitan brindarle una mejor atenci\u00f3n:<\/p>\n<ul>\n<li><strong> Finalidades Secundarias:<\/strong> Al proporcionar tus datos personales y datos financieros, estas autorizando a <strong>IDEAS360<\/strong> a tratarlos de manera directa o controlada, para fines mercadot\u00e9cnicos, estad\u00edsticos, publicitarios, informativos o promocionales, para actividades del \u00e1rea de cobranza, encuestas de calidad, reportes internos, reportes externos, promociones y ofertas comerciales, din\u00e1micas en redes sociales, predecir tendencias y elaborar estrategias de marketing.<\/li>\n<\/ul>\n<p>Es importante se\u00f1alar, que <strong>iDEAS360<\/strong> no es responsable de la veracidad ni la precisi\u00f3n de los datos personales y\/o datos sensibles que usted nos proporciona, ya que los mismos no han sido previamente validados y\/o verificados.<\/p>\n<p><strong>\u00a0<\/strong><\/p>\n<h1><a name=\"_Toc163738236\"><\/a><strong>DERECHOS ARCO.<\/strong><\/h1>\n<p>Usted tiene derecho a conocer qu\u00e9 datos personales tenemos de usted, para qu\u00e9 los utilizamos y las condiciones del uso que les damos (Acceso). Asimismo, es su derecho solicitar la correcci\u00f3n de su informaci\u00f3n personal en caso de que est\u00e9 desactualizada, sea inexacta o incompleta (Rectificaci\u00f3n); que la eliminemos de nuestros registros o bases de datos cuando considere que la misma no est\u00e1 siendo utilizada conforme a los principios, deberes y obligaciones previstas en la normativa (Cancelaci\u00f3n); as\u00ed como oponerse al uso de sus datos personales para fines espec\u00edficos (Oposici\u00f3n). Estos derechos se conocen como derechos ARCO.<\/p>\n<p>Para el ejercicio de cualquiera de los derechos ARCO, usted deber\u00e1 notificar y solicitarnos por escrito al correo <a href=\"mailto:privacidad@ideas360.com.mx\">privacidad@ideas360.com.mx<\/a> el Acceso, Rectificaci\u00f3n, Cancelaci\u00f3n u Oposici\u00f3n de sus datos personales.<\/p>\n<p>&nbsp;<\/p>\n<p>&nbsp;<\/p>\n<p>Dicha solicitud deber\u00e1 contener: (<a href=\"http:\/\/ideas360.com.mx\/downloads\/FormatoDerechosARCO.pdf\" target=\"_blank\" rel=\"noopener\">Formato Derechos ARCO<\/a>):<\/p>\n<p>&nbsp;<\/p>\n<ul>\n<li>El nombre del titular y domicilio u otro medio para comunicarle la respuesta a su solicitud.<\/li>\n<li>Los documentos que acrediten la identidad o, en su caso, la representaci\u00f3n legal del titular.<\/li>\n<li>La descripci\u00f3n clara y precisa de los datos personales respecto de los que se busca ejercer alguno de los derechos antes mencionados, y<\/li>\n<li>Cualquier otro elemento o documento que facilite la localizaci\u00f3n de los datos personales.<\/li>\n<\/ul>\n<p>&nbsp;<\/p>\n<p>En caso de solicitar la rectificaci\u00f3n de sus Datos Personales, adicionalmente deber\u00e1 indicar las modificaciones a realizarse y aportar la documentaci\u00f3n oficial necesaria que sustente su petici\u00f3n.<\/p>\n<p><strong>iDEAS360<\/strong> responder\u00e1 a la direcci\u00f3n de correo electr\u00f3nico, que el titular de los Datos Personales designe en su solicitud, pudiendo indicar en la misma un medio distinto para recibir dicha respuesta. <strong>iDEAS360<\/strong> responder\u00e1 en un plazo m\u00e1ximo de 20 (veinte) d\u00edas calendario o el m\u00e1ximo permitido por la ley. La respuesta de <strong>iDEAS360<\/strong> indicar\u00e1 si la solicitud de acceso, rectificaci\u00f3n, cancelaci\u00f3n u oposici\u00f3n es procedente y, en su caso, <strong>iDEAS360<\/strong> har\u00e1 efectiva la determinaci\u00f3n dentro de los 15 (quince) d\u00edas calendario siguientes a la fecha en que comunique la respuesta o el m\u00e1ximo permitido por la ley. Los plazos podr\u00e1n ser ampliados en los t\u00e9rminos que se\u00f1ale la Ley aplicable.<\/p>\n<p>&nbsp;<\/p>\n<p>Si usted requiere mayor informaci\u00f3n sobre el ejercicio de sus derechos ARCO, usted podr\u00e1 ingresar a nuestro sitio de internet <a href=\"http:\/\/www.ideas360.com.mx\">www.ideas360.com.mx<\/a>\u00a0 a la secci\u00f3n Aviso de Privacidad; o bien ponerse en contacto a trav\u00e9s de la cuenta de correo electr\u00f3nico: <a href=\"mailto:privacidad@ideas360.com.mx\">privacidad@ideas360.com.mx<\/a> , quien dar\u00e1 tr\u00e1mite a las solicitudes para el ejercicio de estos derechos, y atender\u00e1 cualquier duda que pudiera tener respecto al tratamiento de su informaci\u00f3n.<\/p>\n<p>&nbsp;<\/p>\n<p>De conformidad con la Ley, <strong>iDEAS360<\/strong> responder\u00e1 a dicha solicitud en un plazo no mayor a 20 (veinte) d\u00edas, contados a partir de la fecha en que se entreg\u00f3 la solicitud correspondiente. La temporalidad del manejo de sus datos personales ser\u00e1 por el plazo de tiempo en que subsista la relaci\u00f3n comercial entre usted e <strong>iDEAS360<\/strong>, mismo que podr\u00e1 ampliarse cuando as\u00ed lo requiera la Legislaci\u00f3n Mexicana aplicable, pudiendo usted oponerse al manejo de los mismos en cualquier momento que lo considere oportuno seg\u00fan el mecanismo se\u00f1alado en el presente apartado, o en su caso, en el momento en que dichos datos personales hayan dejado de ser necesarios para el cumplimiento de las finalidades previstas en el presente Aviso de Privacidad y las disposiciones legales aplicables, motivo por el cual los datos personales ser\u00e1n cancelados, dando as\u00ed cumplimiento a lo dispuesto por el art\u00edculo 11 de la Ley.<\/p>\n<h2><a name=\"_Toc163738238\"><\/a>LIMITACI\u00d3N DE USO O DIVULGACI\u00d3N DE SUS DATOS PERSONALES.<\/h2>\n<p>Con objeto de que usted pueda limitar el uso y divulgaci\u00f3n de su informaci\u00f3n personal, le ofrecemos el siguiente medio:<\/p>\n<p>&nbsp;<\/p>\n<p>En nuestro programa de notificaci\u00f3n de promociones, ofertas y servicios a trav\u00e9s de correo electr\u00f3nico, <strong>iDEAS360<\/strong> tiene acceso a la informaci\u00f3n recabada. Este tipo de publicidad se realiza mediante avisos y mensajes promocionales de correo electr\u00f3nico, los cuales s\u00f3lo ser\u00e1n enviados a usted y a aquellos contactos registrados para tal prop\u00f3sito; esta indicaci\u00f3n podr\u00e1 usted modificarla en cualquier momento enviando un correo a <a href=\"mailto:privacidad@ideas360.com.mx\">privacidad@ideas360.com.mx<\/a> . En los correos electr\u00f3nicos enviados, pueden incluirse ocasionalmente ofertas de terceras partes que sean nuestros socios comerciales. Su registro en el listado de exclusi\u00f3n &#8220;Limitaciones de uso <strong>iDEAS360<\/strong>&#8220;, a fin de que sus<\/p>\n<p>datos personales no sean tratados por nuestra parte para los fines se\u00f1alados en el apartado del presente Aviso de Privacidad. Para mayor informaci\u00f3n enviar un correo electr\u00f3nico a la siguiente direcci\u00f3n <a href=\"mailto:privacidad@ideas360.com.mx\">privacidad@ideas360.com.mx<\/a>\u00a0 o bien consultar nuestro sitio de internet <a href=\"http:\/\/www.ideas360.com.mx\">www.ideas360.com.mx<\/a><\/p>\n<p>&nbsp;<\/p>\n<p>De manera adicional, le informamos que contamos con los siguientes listados de exclusi\u00f3n, en los cuales podr\u00e1 registrarse para que sus datos personales no sean tratados para ciertos fines<a name=\"_Toc163738239\"><\/a>.<\/p>\n<h2><a name=\"_Toc163738240\"><\/a>AUTORIDAD.<\/h2>\n<p>Si usted considera que su derecho de protecci\u00f3n de datos personales ha sido vulnerado por alguna conducta de nuestros colaboradores o de nuestras actuaciones o respuestas. Si usted presume que en el tratamiento de sus datos personales existe alguna violaci\u00f3n a las disposiciones previstas en la Ley Federal de Protecci\u00f3n de Datos Personales en Posesi\u00f3n de los Particulares, podr\u00e1 interponer la queja o denuncia correspondiente ante el Instituto Nacional de Transparencia, Acceso a la Informaci\u00f3n y Protecci\u00f3n de Datos Personales (INAI), para mayor informaci\u00f3n visite <a href=\"https:\/\/home.inai.org.mx\/\">https:\/\/home.inai.org.mx\/<\/a><\/p>\n<h2><a name=\"_Toc163738241\"><\/a>CAMBIOS AL AVISO DE PRIVACIDAD.<\/h2>\n<p>El presente Aviso de Privacidad puede sufrir modificaciones, cambios o actualizaciones en cualquier momento, derivadas de nuevos requerimientos legales; de nuestras propias necesidades por la relaci\u00f3n que se tenga o se pudiere tener con <strong>iDEAS360<\/strong>; de nuestras pr\u00e1cticas de privacidad; de cambios de modelo de negocio; o por otras causas. En caso de que <strong>iDEAS360<\/strong> se viera en la necesidad de hacer alguna modificaci\u00f3n al Aviso de Privacidad, as\u00ed lo har\u00e1 de su conocimiento en la p\u00e1gina oficial de Internet en\u00a0 <a href=\"http:\/\/www.ideas360.com.mx\">www.ideas360.com.mx<\/a> , en el apartado &#8220;Aviso de Privacidad&#8221;<strong>.<\/strong><\/p>\n<h2><a name=\"_Toc163738244\"><\/a>FECHA DE LA \u00daLTIMA ACTUALIZACI\u00d3N.<\/h2>\n<p>Se le notifica que el Aviso de Privacidad ha sido modificado el d\u00eda 12 de abril de 2024.<\/p>\n<p><strong>Folio Generado: <\/strong><strong>000005120516<\/strong><\/p>\n<p>&nbsp;<\/p>\n<p>&nbsp;<\/p>\n","protected":false},"excerpt":{"rendered":"<p>Aviso de privacidad de iDEAS360. Este Aviso de Privacidad forma parte del uso del sitio web https:\/\/ideas360.com.mx\u00a0\u00a0\u00a0 RESPONSABLE. 360 MOBILE S.A. DE C.V., con nombre&#8230;<\/p>\n","protected":false},"author":5,"featured_media":0,"parent":0,"menu_order":0,"comment_status":"closed","ping_status":"closed","template":"","meta":[],"_links":{"self":[{"href":"https:\/\/ideas360.com.mx\/index.php\/wp-json\/wp\/v2\/pages\/6722"}],"collection":[{"href":"https:\/\/ideas360.com.mx\/index.php\/wp-json\/wp\/v2\/pages"}],"about":[{"href":"https:\/\/ideas360.com.mx\/index.php\/wp-json\/wp\/v2\/types\/page"}],"author":[{"embeddable":true,"href":"https:\/\/ideas360.com.mx\/index.php\/wp-json\/wp\/v2\/users\/5"}],"replies":[{"embeddable":true,"href":"https:\/\/ideas360.com.mx\/index.php\/wp-json\/wp\/v2\/comments?post=6722"}],"version-history":[{"count":10,"href":"https:\/\/ideas360.com.mx\/index.php\/wp-json\/wp\/v2\/pages\/6722\/revisions"}],"predecessor-version":[{"id":7554,"href":"https:\/\/ideas360.com.mx\/index.php\/wp-json\/wp\/v2\/pages\/6722\/revisions\/7554"}],"wp:attachment":[{"href":"https:\/\/ideas360.com.mx\/index.php\/wp-json\/wp\/v2\/media?parent=6722"}],"curies":[{"name":"wp","href":"https:\/\/api.w.org\/{rel}","templated":true}]}}